{"id":5763,"date":"2020-11-02T11:28:25","date_gmt":"2020-11-02T10:28:25","guid":{"rendered":"https:\/\/kalaszigabor.hu\/my-account\/"},"modified":"2026-01-31T12:49:06","modified_gmt":"2026-01-31T11:49:06","slug":"fiokom","status":"publish","type":"page","link":"https:\/\/kalaszigabor.hu\/en\/fiokom\/","title":{"rendered":"MY ACCOUNT"},"content":{"rendered":"<div data-elementor-type=\"wp-page\" data-elementor-id=\"5763\" class=\"elementor elementor-5763\" data-elementor-post-type=\"page\">\n\t\t\t\t<div class=\"elementor-element elementor-element-ab10473 e-flex e-con-boxed e-con e-parent\" data-id=\"ab10473\" data-element_type=\"container\" data-e-type=\"container\">\n\t\t\t\t\t<div class=\"e-con-inner\">\n\t\t<div class=\"elementor-element elementor-element-95456c7 e-con-full e-flex e-con e-child\" data-id=\"95456c7\" data-element_type=\"container\" data-e-type=\"container\">\n\t\t\t\t<div class=\"elementor-element elementor-element-c5b0b5f e-my-account-tabs-horizontal elementor-widget elementor-widget-woocommerce-my-account\" data-id=\"c5b0b5f\" data-element_type=\"widget\" data-e-type=\"widget\" data-widget_type=\"woocommerce-my-account.default\">\n\t\t\t\t<div class=\"elementor-widget-container\">\n\t\t\t\t\t<div class=\"e-my-account-tab e-my-account-tab__\">\t\t\t<div class=\"woocommerce\"><\/div>\t\t<\/div>\n\t\t\t\t\t\t<\/div>\n\t\t\t\t<\/div>\n\t\t\t\t<\/div>\n\t\t\t\t\t<\/div>\n\t\t\t\t<\/div>\n\t\t\t\t<\/div>","protected":false},"excerpt":{"rendered":"<p>Vez\u00e9rl\u0151pult Rendel\u00e9sek Event Booking Dashboard Let\u00f6lt\u00e9sek C\u00edmek Fizet\u00e9si m\u00f3dok Fi\u00f3kadatok Kijelentkez\u00e9s Vez\u00e9rl\u0151pult Rendel\u00e9sek Event Booking Dashboard Let\u00f6lt\u00e9sek C\u00edmek Fizet\u00e9si m\u00f3dok Fi\u00f3kadatok Kijelentkez\u00e9s Vez\u00e9rl\u0151pult Rendel\u00e9sek Event Booking Dashboard Let\u00f6lt\u00e9sek C\u00edmek Fizet\u00e9si m\u00f3dok Fi\u00f3kadatok Kijelentkez\u00e9s Vez\u00e9rl\u0151pult Rendel\u00e9sek Event Booking Dashboard Let\u00f6lt\u00e9sek C\u00edmek Fizet\u00e9si m\u00f3dok Fi\u00f3kadatok Kijelentkez\u00e9s \u00dcdv Lovas J\u00f3zsef! (nem Lovas J\u00f3zsef vagy? Kijelentkez\u00e9s) A fi\u00f3kban megtekinthet\u0151k [&hellip;]<\/p>\n","protected":false},"author":1,"featured_media":0,"parent":0,"menu_order":0,"comment_status":"closed","ping_status":"closed","template":"elementor_header_footer","meta":{"footnotes":""},"class_list":["post-5763","page","type-page","status-publish","hentry"],"_links":{"self":[{"href":"https:\/\/kalaszigabor.hu\/en\/wp-json\/wp\/v2\/pages\/5763","targetHints":{"allow":["GET"]}}],"collection":[{"href":"https:\/\/kalaszigabor.hu\/en\/wp-json\/wp\/v2\/pages"}],"about":[{"href":"https:\/\/kalaszigabor.hu\/en\/wp-json\/wp\/v2\/types\/page"}],"author":[{"embeddable":true,"href":"https:\/\/kalaszigabor.hu\/en\/wp-json\/wp\/v2\/users\/1"}],"replies":[{"embeddable":true,"href":"https:\/\/kalaszigabor.hu\/en\/wp-json\/wp\/v2\/comments?post=5763"}],"version-history":[{"count":9,"href":"https:\/\/kalaszigabor.hu\/en\/wp-json\/wp\/v2\/pages\/5763\/revisions"}],"predecessor-version":[{"id":19901,"href":"https:\/\/kalaszigabor.hu\/en\/wp-json\/wp\/v2\/pages\/5763\/revisions\/19901"}],"wp:attachment":[{"href":"https:\/\/kalaszigabor.hu\/en\/wp-json\/wp\/v2\/media?parent=5763"}],"curies":[{"name":"wp","href":"https:\/\/api.w.org\/{rel}","templated":true}]}}