{"id":19928,"date":"2026-02-14T16:53:14","date_gmt":"2026-02-14T15:53:14","guid":{"rendered":"https:\/\/kalaszigabor.hu\/?page_id=19928"},"modified":"2026-03-02T18:22:25","modified_gmt":"2026-03-02T17:22:25","slug":"karrier-epites","status":"publish","type":"page","link":"https:\/\/kalaszigabor.hu\/en\/karrier-epites\/","title":{"rendered":"Karrier\u00e9p\u00edt\u00e9s"},"content":{"rendered":"<div data-elementor-type=\"wp-page\" data-elementor-id=\"19928\" class=\"elementor elementor-19928\" data-elementor-post-type=\"page\">\n\t\t\t\t<div class=\"elementor-element elementor-element-96b5c5e e-flex e-con-boxed e-con e-parent\" data-id=\"96b5c5e\" data-element_type=\"container\" data-e-type=\"container\">\n\t\t\t\t\t<div class=\"e-con-inner\">\n\t\t\t\t<div class=\"elementor-element elementor-element-0bdd0d8 elementor-widget elementor-widget-heading\" data-id=\"0bdd0d8\" data-element_type=\"widget\" data-e-type=\"widget\" data-widget_type=\"heading.default\">\n\t\t\t\t<div class=\"elementor-widget-container\">\n\t\t\t\t\t<h2 class=\"elementor-heading-title elementor-size-default\">KARRIER\u00c9P\u00cdT\u00c9S ARCHET\u00cdPUS ALAPON<\/h2>\t\t\t\t<\/div>\n\t\t\t\t<\/div>\n\t\t\t\t\t<\/div>\n\t\t\t\t<\/div>\n\t\t<div class=\"elementor-element elementor-element-65c083d e-flex e-con-boxed e-con e-parent\" data-id=\"65c083d\" data-element_type=\"container\" data-e-type=\"container\">\n\t\t\t\t\t<div class=\"e-con-inner\">\n\t\t\t\t<div class=\"elementor-element elementor-element-1fb1a5d elementor-widget elementor-widget-text-editor\" data-id=\"1fb1a5d\" data-element_type=\"widget\" data-e-type=\"widget\" data-widget_type=\"text-editor.default\">\n\t\t\t\t<div class=\"elementor-widget-container\">\n\t\t\t\t\t\t\t\t\t<p><span style=\"font-weight: 400;\">T\u00f6rj ki a t\u00fal\u00e9l\u00e9si, k\u00f6z\u00e9pszer\u0171s\u00e9gi modellb\u0151l \u00e9s \u00fczemm\u00f3db\u00f3l! Tal\u00e1ld meg a saj\u00e1t kreat\u00edv potenci\u00e1lodat! \u00cdgy \u00e9p\u00edts kiemelked\u0151en sikeres karriert!<\/span><\/p>\t\t\t\t\t\t\t\t<\/div>\n\t\t\t\t<\/div>\n\t\t\t\t\t<\/div>\n\t\t\t\t<\/div>\n\t\t<div class=\"elementor-element elementor-element-9f380a3 e-flex e-con-boxed e-con e-parent\" data-id=\"9f380a3\" data-element_type=\"container\" data-e-type=\"container\">\n\t\t\t\t\t<div class=\"e-con-inner\">\n\t\t<div class=\"elementor-element elementor-element-f8680db e-con-full e-flex e-con e-child\" data-id=\"f8680db\" data-element_type=\"container\" data-e-type=\"container\">\n\t\t\t\t<div class=\"elementor-element elementor-element-9c98921 elementor-widget__width-initial elementor-widget elementor-widget-image\" data-id=\"9c98921\" data-element_type=\"widget\" data-e-type=\"widget\" data-widget_type=\"image.default\">\n\t\t\t\t<div class=\"elementor-widget-container\">\n\t\t\t\t\t\t\t\t\t\t\t\t\t\t\t<img fetchpriority=\"high\" decoding=\"async\" width=\"300\" height=\"282\" src=\"https:\/\/kalaszigabor.hu\/wp-content\/uploads\/2026\/03\/sunis-abra-HUN-300x282.jpg\" class=\"attachment-medium size-medium wp-image-19945\" alt=\"\" srcset=\"https:\/\/kalaszigabor.hu\/wp-content\/uploads\/2026\/03\/sunis-abra-HUN-300x282.jpg 300w, https:\/\/kalaszigabor.hu\/wp-content\/uploads\/2026\/03\/sunis-abra-HUN-13x12.jpg 13w, https:\/\/kalaszigabor.hu\/wp-content\/uploads\/2026\/03\/sunis-abra-HUN.jpg 332w\" sizes=\"(max-width: 300px) 100vw, 300px\" \/>\t\t\t\t\t\t\t\t\t\t\t\t\t\t\t<\/div>\n\t\t\t\t<\/div>\n\t\t\t\t<\/div>\n\t\t<div class=\"elementor-element elementor-element-3897400 e-con-full e-flex e-con e-child\" data-id=\"3897400\" data-element_type=\"container\" data-e-type=\"container\">\n\t\t\t\t<div class=\"elementor-element elementor-element-57093dc elementor-widget elementor-widget-text-editor\" data-id=\"57093dc\" data-element_type=\"widget\" data-e-type=\"widget\" data-widget_type=\"text-editor.default\">\n\t\t\t\t<div class=\"elementor-widget-container\">\n\t\t\t\t\t\t\t\t\t<h4><b>Tal\u00e1lja Meg Karrierje S\u00fcnij\u00e9t \u00e9s Archetipikus K\u00fcldet\u00e9s\u00e9t<\/b><\/h4><p><span style=\"font-weight: 400;\">Jim Collins h\u00edres <\/span><b>S\u00fcni Koncepci\u00f3ja<\/b><span style=\"font-weight: 400;\"> a v\u00e1llalatoknak \u00e9s az egy\u00e9neknek egyar\u00e1nt seg\u00edt a f\u00f3kusz megtal\u00e1l\u00e1s\u00e1ban, h\u00e1rom egym\u00e1st metsz\u0151 k\u00f6r ment\u00e9n. Amikor ezt a keretrendszert \u00f6sszekapcsolja saj\u00e1t archetipikus h\u00edv\u00e1s\u00e1val, r\u00e1l\u00e9p a kiv\u00e1l\u00f3s\u00e1g \u00e9s beteljes\u00fcl\u00e9s \u00fatj\u00e1ra.<\/span><a href=\"https:\/\/docs.google.com\/document\/d\/1_YjZmyCwcnFdjv3UvKRQwVyIZ5eZN-MswiotQRHBi0E\/edit\" target=\"_blank\" rel=\"noopener\"><span style=\"font-weight: 400;\">1<\/span><\/a><\/p><p><span style=\"font-weight: 400;\">A legsikeresebb karrierek ott sz\u00fcletnek, ahol a bels\u0151 h\u00edv\u00e1s, a kiemelked\u0151 tehets\u00e9g \u00e9s a piaci ig\u00e9ny tal\u00e1lkozik.<\/span><\/p><p><span style=\"font-weight: 400;\">Tegye fel mag\u00e1nak a h\u00e1rom alapvet\u0151 S\u00fcni k\u00e9rd\u00e9st, \u00e9s \u00e9rtelmezze azokat archetipikus szempontb\u00f3l:<\/span><\/p>\t\t\t\t\t\t\t\t<\/div>\n\t\t\t\t<\/div>\n\t\t\t\t<\/div>\n\t\t\t\t\t<\/div>\n\t\t\t\t<\/div>\n\t\t<div class=\"elementor-element elementor-element-08125f1 e-flex e-con-boxed e-con e-parent\" data-id=\"08125f1\" data-element_type=\"container\" data-e-type=\"container\">\n\t\t\t\t\t<div class=\"e-con-inner\">\n\t\t\t\t<div class=\"elementor-element elementor-element-85f3a18 elementor-widget elementor-widget-text-editor\" data-id=\"85f3a18\" data-element_type=\"widget\" data-e-type=\"widget\" data-widget_type=\"text-editor.default\">\n\t\t\t\t<div class=\"elementor-widget-container\">\n\t\t\t\t\t\t\t\t\t<ol><li><span style=\"font-weight: 400;\">Mi az, amit M\u00e9lyen Szeret Csin\u00e1lni? (A Szenved\u00e9ly)<\/span><\/li><\/ol><ul><li><b>Az Elhivatotts\u00e1g\u00a0 Archetipusa:<\/b><span style=\"font-weight: 400;\"> Ez a k\u00f6r a szenved\u00e9lye \u00e9s az, ami igaz\u00e1n motiv\u00e1lja. Melyik <\/span><b>alapvet\u0151 archetipikus energia<\/b><span style=\"font-weight: 400;\">(pl. az Alkot\u00f3, a Harcos, a B\u00f6lcs) kelt \u00d6nben a legnagyobb lelkesed\u00e9st?<\/span><\/li><li style=\"font-weight: 400;\" aria-level=\"1\"><span style=\"font-weight: 400;\">A legkiemelked\u0151bb karrierek azok, ahol az ember szenved\u00e9llyel v\u00e9gzi a munk\u00e1j\u00e1t.<\/span><\/li><li style=\"font-weight: 400;\" aria-level=\"1\"><i><span style=\"font-weight: 400;\">Archetipikus Megk\u00f6zel\u00edt\u00e9s:<\/span><\/i><span style=\"font-weight: 400;\"> Azonos\u00edtsa azt a szerepet vagy k\u00fcldet\u00e9st (pl. probl\u00e9mamegold\u00f3, v\u00e9delmez\u0151, inspir\u00e1l\u00f3), ami a bels\u0151 T\u00fcz\u00e9t \u00e9geti, \u00e9s keressen ehhez illeszked\u0151 feladatokat.<\/span><\/li><\/ul><p>\u00a0<\/p><ol start=\"2\"><li><span style=\"font-weight: 400;\"> Miben Lehet a Vil\u00e1g Legjobbja? (A Kiv\u00e1l\u00f3s\u00e1g)<\/span><\/li><\/ol><ul><li style=\"font-weight: 400;\" aria-level=\"1\"><b>A Mesters\u00e9g Archetipusa:<\/b><span style=\"font-weight: 400;\"> Itt rejlik az egyedi tehets\u00e9ge \u00e9s kompetenci\u00e1ja. Hol van re\u00e1lis es\u00e9lye arra, hogy glob\u00e1lis szinten vagy legal\u00e1bbis a szakter\u00fclet\u00e9n bel\u00fcl a legjobbak k\u00f6z\u00e9 ker\u00fclj\u00f6n?<\/span><\/li><li style=\"font-weight: 400;\" aria-level=\"1\"><i><span style=\"font-weight: 400;\">Archetipikus Megk\u00f6zel\u00edt\u00e9s:<\/span><\/i><span style=\"font-weight: 400;\"> Milyen archet\u00edpushoz k\u00f6thet\u0151 k\u00e9pess\u00e9gekben (pl. A Szervez\u0151 precizit\u00e1sa, a L\u00e1tnok el\u0151rejelz\u0151 k\u00e9pess\u00e9ge) tud a k\u00f6rnyezet\u00e9hez k\u00e9pest kiemelked\u0151en teljes\u00edteni? Ne csak \u201ej\u00f3\u201d legyen, hanem c\u00e9lzottan f\u00f3kusz\u00e1ljon arra, amiben senki nem m\u00falja fel\u00fcl.<\/span><\/li><\/ul><p>\u00a0<\/p><ol start=\"3\"><li><span style=\"font-weight: 400;\"> Mi Hajtja az \u00d6n Gazdas\u00e1gi Motorj\u00e1t? (A J\u00f6vedelemforr\u00e1s)<\/span><\/li><\/ol><ul><li style=\"font-weight: 400;\" aria-level=\"1\"><b>A Piac Archetipusa:<\/b><span style=\"font-weight: 400;\"> Melyek azok a k\u00e9szs\u00e9gek vagy poz\u00edci\u00f3k, amelyek\u00e9rt a piac hajland\u00f3 jelent\u0151s p\u00e9nzt fizetni? Mib\u0151l k\u00e9pes fenntarthat\u00f3 \u00e9s j\u00f6vedelmez\u0151 karriert \u00e9p\u00edteni?<\/span><\/li><li style=\"font-weight: 400;\" aria-level=\"1\"><i><span style=\"font-weight: 400;\">Archetipikus Megk\u00f6zel\u00edt\u00e9s:<\/span><\/i><span style=\"font-weight: 400;\"> Az \u00d6n archetipikus \u00e9rt\u00e9kaj\u00e1nlata (pl. az Uralkod\u00f3 ir\u00e1ny\u00edt\u00f3 szerepe, a Felfedez\u0151 \u00fajdons\u00e1gai) hogyan teremt akkora \u00e9rt\u00e9ket, ami\u00e9rt a piac tart\u00f3san fizet? Ha valami\u00e9rt nem fizetnek, az csak hobbi, nem karrier.<\/span><\/li><\/ul><h4>\u00a0<\/h4><h4><strong>A S\u00fcni-Archetipus Metsz\u00e9spont<\/strong><\/h4><p><span style=\"font-weight: 400;\">Amikor a szenved\u00e9lye, a tehets\u00e9ge \u00e9s a gazdas\u00e1gi megt\u00e9r\u00fcl\u00e9se egy pontban metszik egym\u00e1st, megtal\u00e1lta a <\/span><b>S\u00fcni Koncepci\u00f3j\u00e1t<\/b><span style=\"font-weight: 400;\">.<\/span><\/p><p><b>Ez a metsz\u00e9spont az \u00d6n Karrier Archetipusa, ahol:<\/b><\/p><ol><li style=\"font-weight: 400;\" aria-level=\"1\"><b>A munka \u00f6r\u00f6m:<\/b><span style=\"font-weight: 400;\"> Szenved\u00e9llyel v\u00e9gzi, \u00e9s belefeledkezik.<\/span><\/li><li style=\"font-weight: 400;\" aria-level=\"1\"><b>A teljes\u00edtm\u00e9ny kiemelked\u0151:<\/b><span style=\"font-weight: 400;\"> \u00d6n a legjobb, aki valaha is lehet.<\/span><\/li><li style=\"font-weight: 400;\" aria-level=\"1\"><b>Az anyagiak stabilak:<\/b><span style=\"font-weight: 400;\"> Hossz\u00fa t\u00e1von fenntarthat\u00f3 a karrier.<\/span><\/li><\/ol><p>\u00a0<\/p><p><b>K\u00e9szen \u00e1ll arra, hogy megtal\u00e1lja saj\u00e1t karrierje S\u00fcnij\u00e9t \u00e9s Archetipikus H\u00edv\u00e1s\u00e1t?<\/b><\/p><ul><li style=\"font-weight: 400;\" aria-level=\"1\"><b>Hat\u00e1rozza meg:<\/b><span style=\"font-weight: 400;\"> Gondolja \u00e1t a h\u00e1rom k\u00f6rt, \u00e9s \u00edrja le a v\u00e1laszait, megnevezve az \u00d6nre legink\u00e1bb jellemz\u0151 archetipikus energi\u00e1t.<\/span><\/li><li style=\"font-weight: 400;\" aria-level=\"1\"><b>Tervezze meg:<\/b><span style=\"font-weight: 400;\"> Alak\u00edtsa \u00e1t jelenlegi munk\u00e1j\u00e1t, vagy keressen egy \u00faj karrierutat, ami erre a ritka \u00e9s er\u0151teljes metsz\u00e9spontra \u00e9p\u00fcl.<\/span><\/li><li style=\"font-weight: 400;\" aria-level=\"1\"><b>F\u00f3kusz\u00e1ljon:<\/b><span style=\"font-weight: 400;\"> Csak azokra a lehet\u0151s\u00e9gekre ford\u00edtson energi\u00e1t, amelyek a S\u00fcni Koncepci\u00f3j\u00e1ba illeszkednek.<\/span><\/li><\/ul><p><span style=\"font-weight: 400;\">A c\u00e9lzott f\u00f3kusz a S\u00fcni Koncepci\u00f3ra nem csak a sikert, hanem a tart\u00f3s beteljes\u00fcl\u00e9st is elhozza a karrierj\u00e9be.<\/span><\/p>\t\t\t\t\t\t\t\t<\/div>\n\t\t\t\t<\/div>\n\t\t\t\t\t<\/div>\n\t\t\t\t<\/div>\n\t\t<div class=\"elementor-element elementor-element-c7ce83f e-flex e-con-boxed e-con e-parent\" data-id=\"c7ce83f\" data-element_type=\"container\" data-e-type=\"container\">\n\t\t\t\t\t<div class=\"e-con-inner\">\n\t\t\t\t<div class=\"elementor-element elementor-element-7843236 elementor-widget elementor-widget-image\" data-id=\"7843236\" data-element_type=\"widget\" data-e-type=\"widget\" data-widget_type=\"image.default\">\n\t\t\t\t<div class=\"elementor-widget-container\">\n\t\t\t\t\t\t\t\t\t\t\t\t\t\t\t<img decoding=\"async\" width=\"800\" height=\"240\" src=\"https:\/\/kalaszigabor.hu\/wp-content\/uploads\/2026\/03\/career-navigator-banner.png\" class=\"attachment-large size-large wp-image-19958\" alt=\"\" srcset=\"https:\/\/kalaszigabor.hu\/wp-content\/uploads\/2026\/03\/career-navigator-banner.png 1000w, https:\/\/kalaszigabor.hu\/wp-content\/uploads\/2026\/03\/career-navigator-banner-300x90.png 300w, https:\/\/kalaszigabor.hu\/wp-content\/uploads\/2026\/03\/career-navigator-banner-768x230.png 768w, https:\/\/kalaszigabor.hu\/wp-content\/uploads\/2026\/03\/career-navigator-banner-18x5.png 18w, https:\/\/kalaszigabor.hu\/wp-content\/uploads\/2026\/03\/career-navigator-banner-600x180.png 600w\" sizes=\"(max-width: 800px) 100vw, 800px\" \/>\t\t\t\t\t\t\t\t\t\t\t\t\t\t\t<\/div>\n\t\t\t\t<\/div>\n\t\t\t\t\t<\/div>\n\t\t\t\t<\/div>\n\t\t<div class=\"elementor-element elementor-element-80fece3 e-flex e-con-boxed e-con e-parent\" data-id=\"80fece3\" data-element_type=\"container\" data-e-type=\"container\">\n\t\t\t\t\t<div class=\"e-con-inner\">\n\t\t\t\t<div class=\"elementor-element elementor-element-41ea926 elementor-widget elementor-widget-spacer\" data-id=\"41ea926\" data-element_type=\"widget\" data-e-type=\"widget\" data-widget_type=\"spacer.default\">\n\t\t\t\t<div class=\"elementor-widget-container\">\n\t\t\t\t\t\t\t<div class=\"elementor-spacer\">\n\t\t\t<div class=\"elementor-spacer-inner\"><\/div>\n\t\t<\/div>\n\t\t\t\t\t\t<\/div>\n\t\t\t\t<\/div>\n\t\t\t\t\t<\/div>\n\t\t\t\t<\/div>\n\t\t\t\t<\/div>","protected":false},"excerpt":{"rendered":"<p>KARRIER\u00c9P\u00cdT\u00c9S ARCHET\u00cdPUS ALAPON T\u00f6rj ki a t\u00fal\u00e9l\u00e9si, k\u00f6z\u00e9pszer\u0171s\u00e9gi modellb\u0151l \u00e9s \u00fczemm\u00f3db\u00f3l! Tal\u00e1ld meg a saj\u00e1t kreat\u00edv potenci\u00e1lodat! \u00cdgy \u00e9p\u00edts kiemelked\u0151en sikeres karriert! Tal\u00e1lja Meg Karrierje S\u00fcnij\u00e9t \u00e9s Archetipikus K\u00fcldet\u00e9s\u00e9t Jim Collins h\u00edres S\u00fcni Koncepci\u00f3ja a v\u00e1llalatoknak \u00e9s az egy\u00e9neknek egyar\u00e1nt seg\u00edt a f\u00f3kusz megtal\u00e1l\u00e1s\u00e1ban, h\u00e1rom egym\u00e1st metsz\u0151 k\u00f6r ment\u00e9n. Amikor ezt a keretrendszert \u00f6sszekapcsolja saj\u00e1t [&hellip;]<\/p>\n","protected":false},"author":4,"featured_media":0,"parent":0,"menu_order":0,"comment_status":"closed","ping_status":"closed","template":"","meta":{"footnotes":""},"class_list":["post-19928","page","type-page","status-publish","hentry"],"_links":{"self":[{"href":"https:\/\/kalaszigabor.hu\/en\/wp-json\/wp\/v2\/pages\/19928","targetHints":{"allow":["GET"]}}],"collection":[{"href":"https:\/\/kalaszigabor.hu\/en\/wp-json\/wp\/v2\/pages"}],"about":[{"href":"https:\/\/kalaszigabor.hu\/en\/wp-json\/wp\/v2\/types\/page"}],"author":[{"embeddable":true,"href":"https:\/\/kalaszigabor.hu\/en\/wp-json\/wp\/v2\/users\/4"}],"replies":[{"embeddable":true,"href":"https:\/\/kalaszigabor.hu\/en\/wp-json\/wp\/v2\/comments?post=19928"}],"version-history":[{"count":39,"href":"https:\/\/kalaszigabor.hu\/en\/wp-json\/wp\/v2\/pages\/19928\/revisions"}],"predecessor-version":[{"id":19973,"href":"https:\/\/kalaszigabor.hu\/en\/wp-json\/wp\/v2\/pages\/19928\/revisions\/19973"}],"wp:attachment":[{"href":"https:\/\/kalaszigabor.hu\/en\/wp-json\/wp\/v2\/media?parent=19928"}],"curies":[{"name":"wp","href":"https:\/\/api.w.org\/{rel}","templated":true}]}}