{"id":18076,"date":"2025-03-07T14:17:21","date_gmt":"2025-03-07T13:17:21","guid":{"rendered":"https:\/\/kalaszigabor.hu\/?page_id=18076"},"modified":"2025-03-27T10:55:59","modified_gmt":"2025-03-27T09:55:59","slug":"egyeni-szintu-elonyok","status":"publish","type":"page","link":"https:\/\/kalaszigabor.hu\/en\/egyeni-szintu-elonyok\/","title":{"rendered":"Individual Benefits"},"content":{"rendered":"<p>Archetypes are the underlying patterns hidden deep in human nature and experience. As such they 'run the show', often invisibly. They are embedded in our inner motivations and mindsets, and deeply rooted in our values. The better we understand these patterns and the more consciously we use them, the more effective we will be. Character Building offers an exciting framework for understanding how people behave and 'what's really going on' - in our lives, at work and in our deeper selves.<\/p>\n\n\n\n<ul class=\"wp-block-list\">\n<li>A comprehensive diagnostic framework to identify the internal resources we rely on too much - and which are underused.<\/li>\n\n\n\n<li>An expanded perspective and a powerful lens to assess challenges and opportunities.<\/li>\n\n\n\n<li>Increased self-awareness, which supports and boosts self-confidence.<\/li>\n\n\n\n<li>An integrated learning practice that combines rational, emotional, physical and creative potential.<\/li>\n\n\n\n<li>Increasing adaptability to different circumstances and groups.<\/li>\n\n\n\n<li>Personalised tools and techniques.<\/li>\n\n\n\n<li>You will learn how to work with and change limiting and unconscious beliefs and destructive thinking patterns.<\/li>\n\n\n\n<li>Create a balance between energy, ambition and commitment.<\/li>\n\n\n\n<li>Eliminate unwanted, repetitive habits and patterns of behaviour.<\/li>\n\n\n\n<li>Identifying and integrating aspects of the self that have been neglected or dormant to allow for fuller and smoother self-expression.<\/li>\n\n\n\n<li>Identify practical, real-life situations in which the desired new energy\/archetypal pattern can be embodied and practiced.<\/li>\n\n\n\n<li>Clear and credible means to achieve personal and professional goals.<\/li>\n\n\n\n<li>Tune into emotional navigation, learn how to connect with it and be guided by its wisdom.<\/li>\n\n\n\n<li>Tap into your unique genius to access motivation and reawaken your creativity.<\/li>\n\n\n\n<li>Manage the necessary or desirable transitions.<\/li>\n\n\n\n<li>Build resilience in personality conflicts and working relationships.<\/li>\n\n\n\n<li>Learn to manage transitions during change.\u00a0<\/li>\n\n\n\n<li>Developing emotional intuition, integrating it into human relationships.<\/li>\n\n\n\n<li>Exploring individual talents and motivations, tapping into creative potential.<\/li>\n<\/ul>\n\n\n\n<div style=\"height:100px\" aria-hidden=\"true\" class=\"wp-block-spacer\"><\/div>","protected":false},"excerpt":{"rendered":"<p>Az archet\u00edpusok az emberi term\u00e9szet \u00e9s tapasztal\u00e1s m\u00e9ly\u00e9n rejt\u0151z\u0151 m\u00f6g\u00f6ttes mint\u00e1i. Mint ilyenek &#8211; gyakran l\u00e1thatatlanul &#8211; \u201eir\u00e1ny\u00edtj\u00e1k a m\u0171sort\u201d. Be\u00e1gyaz\u00f3dnak bels\u0151 motiv\u00e1ci\u00f3inkba \u00e9s gondolkod\u00e1sm\u00f3dunkba, \u00e9s m\u00e9lyen gy\u00f6kereznek \u00e9rt\u00e9keinkben. Min\u00e9l jobban meg\u00e9rtj\u00fck ezeket a mint\u00e1kat, \u00e9s min\u00e9l tudatosabban haszn\u00e1ljuk \u0151ket, ann\u00e1l hat\u00e9konyabbak lesz\u00fcnk. A Karakter\u00e9p\u00edt\u00e9s izgalmas keretet k\u00edn\u00e1l ahhoz, hogy meg\u00e9rts\u00fck, hogyan viselkednek az emberek [&hellip;]<\/p>\n","protected":false},"author":4,"featured_media":0,"parent":0,"menu_order":0,"comment_status":"closed","ping_status":"closed","template":"","meta":{"footnotes":""},"class_list":["post-18076","page","type-page","status-publish","hentry"],"_links":{"self":[{"href":"https:\/\/kalaszigabor.hu\/en\/wp-json\/wp\/v2\/pages\/18076","targetHints":{"allow":["GET"]}}],"collection":[{"href":"https:\/\/kalaszigabor.hu\/en\/wp-json\/wp\/v2\/pages"}],"about":[{"href":"https:\/\/kalaszigabor.hu\/en\/wp-json\/wp\/v2\/types\/page"}],"author":[{"embeddable":true,"href":"https:\/\/kalaszigabor.hu\/en\/wp-json\/wp\/v2\/users\/4"}],"replies":[{"embeddable":true,"href":"https:\/\/kalaszigabor.hu\/en\/wp-json\/wp\/v2\/comments?post=18076"}],"version-history":[{"count":0,"href":"https:\/\/kalaszigabor.hu\/en\/wp-json\/wp\/v2\/pages\/18076\/revisions"}],"wp:attachment":[{"href":"https:\/\/kalaszigabor.hu\/en\/wp-json\/wp\/v2\/media?parent=18076"}],"curies":[{"name":"wp","href":"https:\/\/api.w.org\/{rel}","templated":true}]}}