{"id":17098,"date":"2025-02-17T21:10:45","date_gmt":"2025-02-17T20:10:45","guid":{"rendered":"https:\/\/kalaszigabor.hu\/?page_id=17098"},"modified":"2025-05-08T19:57:45","modified_gmt":"2025-05-08T18:57:45","slug":"szemelyes-karakterepites-vezetoknek","status":"publish","type":"page","link":"https:\/\/kalaszigabor.hu\/en\/szemelyes-karakterepites-vezetoknek\/","title":{"rendered":"Personal character building for leaders"},"content":{"rendered":"<div data-elementor-type=\"wp-page\" data-elementor-id=\"17098\" class=\"elementor elementor-17098\" data-elementor-post-type=\"page\">\n\t\t\t\t<div class=\"elementor-element elementor-element-0c2abab e-flex e-con-boxed e-con e-parent\" data-id=\"0c2abab\" data-element_type=\"container\" data-e-type=\"container\">\n\t\t\t\t\t<div class=\"e-con-inner\">\n\t\t\t\t<div class=\"elementor-element elementor-element-0e38b71 elementor-widget elementor-widget-heading\" data-id=\"0e38b71\" data-element_type=\"widget\" data-e-type=\"widget\" data-widget_type=\"heading.default\">\n\t\t\t\t<div class=\"elementor-widget-container\">\n\t\t\t\t\t<h2 class=\"elementor-heading-title elementor-size-default\">Personal character building for leaders<\/h2>\t\t\t\t<\/div>\n\t\t\t\t<\/div>\n\t\t\t\t<div class=\"elementor-element elementor-element-540604a elementor-widget elementor-widget-text-editor\" data-id=\"540604a\" data-element_type=\"widget\" data-e-type=\"widget\" data-widget_type=\"text-editor.default\">\n\t\t\t\t<div class=\"elementor-widget-container\">\n\t\t\t\t\t\t\t\t\t<p><span style=\"font-weight: 400;\">This requires an existing archetype profile and development plan. The development process will be based on the development plan, using e-learning materials and character coaching, partly self-directed and partly supported by consultation. At the end of the development process, the character profile is updated, thus confirming and strengthening the new self-image and leadership identity. At the end of the process, the developed leadership identity is embedded in the organisation.<\/span><\/p><h4 class=\"p1\">Areas:<\/h4><ol class=\"ol1\"><li class=\"li1\">The personality\/image link, the transparent or authentic leader (inner\/outer harmony)<\/li><li class=\"li1\">The integration of individuality and archetypes (vertical integration)<\/li><li class=\"li1\">Characteristics of the shadow - personality and archetype clash, conflicting archetypes, denied or blocked functioning (role-personalities). Awareness is raised.<\/li><li class=\"li1\">Purpose or Purposefulness - the link between individual purpose and organisational purpose<\/li><li class=\"li1\">Presence of Mind and Core Values - Axis of existence<\/li><li class=\"li1\">Motivation - personal success factors, internal drive, commitment to the task, commitment to the organisation, professional passion<\/li><li class=\"li1\">Energy levels, stamina, adaptability (nurturing energy, ambition energy, creative energy)<\/li><li class=\"li1\">Polarisation - the link between the role and the person, what motivates and energises me within the role (dominance)<\/li><li class=\"li1\">Leadership styles on an archetypal basis, their practical use<\/li><li class=\"li1\">Reality perception, reality management and reality maintenance<\/li><li class=\"li1\">Storytelling as a key tool for leadership communication - harnessing the power of narrative<\/li><li class=\"li1\">The difference between male and female leadership styles<\/li><li class=\"li1\">Laws of team coherence, context<\/li><li class=\"li1\">Relationship between business strategies and leadership styles - survival or growth strategy, building strategy, sustaining strategy<\/li><li class=\"li1\">Development, self-advancement - the law of eternal progress, taking responsibility<\/li><\/ol><p><!-- \/wp:paragraph --><\/p>\t\t\t\t\t\t\t\t<\/div>\n\t\t\t\t<\/div>\n\t\t\t\t<div class=\"elementor-element elementor-element-16cdea5 elementor-widget elementor-widget-button\" data-id=\"16cdea5\" data-element_type=\"widget\" data-e-type=\"widget\" data-widget_type=\"button.default\">\n\t\t\t\t<div class=\"elementor-widget-container\">\n\t\t\t\t\t\t\t\t\t<div class=\"elementor-button-wrapper\">\n\t\t\t\t\t<a class=\"elementor-button elementor-button-link elementor-size-sm\" href=\"https:\/\/calendar.app.google\/XQcCNTSMzzEeQd5r5\" target=\"_blank\" rel=\"noopener\">\n\t\t\t\t\t\t<span class=\"elementor-button-content-wrapper\">\n\t\t\t\t\t\t\t\t\t<span class=\"elementor-button-text\">BOOK AN APPOINTMENT<\/span>\n\t\t\t\t\t<\/span>\n\t\t\t\t\t<\/a>\n\t\t\t\t<\/div>\n\t\t\t\t\t\t\t\t<\/div>\n\t\t\t\t<\/div>\n\t\t\t\t\t<\/div>\n\t\t\t\t<\/div>\n\t\t<div class=\"elementor-element elementor-element-fed2f51 e-flex e-con-boxed e-con e-parent\" data-id=\"fed2f51\" data-element_type=\"container\" data-e-type=\"container\">\n\t\t\t\t\t<div class=\"e-con-inner\">\n\t\t\t\t<div class=\"elementor-element elementor-element-305c451 elementor-widget elementor-widget-spacer\" data-id=\"305c451\" data-element_type=\"widget\" data-e-type=\"widget\" data-widget_type=\"spacer.default\">\n\t\t\t\t<div class=\"elementor-widget-container\">\n\t\t\t\t\t\t\t<div class=\"elementor-spacer\">\n\t\t\t<div class=\"elementor-spacer-inner\"><\/div>\n\t\t<\/div>\n\t\t\t\t\t\t<\/div>\n\t\t\t\t<\/div>\n\t\t\t\t\t<\/div>\n\t\t\t\t<\/div>\n\t\t\t\t<\/div>","protected":false},"excerpt":{"rendered":"<p>Ennek felt\u00e9tele a megl\u00e9v\u0151 archet\u00edpus profil \u00e9s fejleszt\u00e9si terv. A fejleszt\u00e9si folyamat a fejleszt\u00e9si terv alapj\u00e1n, e-learning anyagok felhaszn\u00e1l\u00e1s\u00e1val \u00e9s karakter coaching seg\u00edts\u00e9g\u00e9vel r\u00e9szben \u00f6n\u00e1ll\u00f3, r\u00e9szben konzult\u00e1ci\u00f3val t\u00e1mogatott form\u00e1ban zajlik. A fejleszt\u00e9si folyamat v\u00e9g\u00e9n friss\u00edtj\u00fck a karakter profilt, mintegy visszaigazolva \u00e9s meger\u0151s\u00edtve ezzel az \u00faj \u00e9nk\u00e9pet, vezet\u0151i identit\u00e1st. A folyamat z\u00e1r\u00e1sak\u00e9nt a kialak\u00edtott vezet\u0151i identit\u00e1s [&hellip;]<\/p>\n","protected":false},"author":1,"featured_media":0,"parent":0,"menu_order":0,"comment_status":"closed","ping_status":"closed","template":"elementor_header_footer","meta":{"footnotes":""},"class_list":["post-17098","page","type-page","status-publish","hentry"],"_links":{"self":[{"href":"https:\/\/kalaszigabor.hu\/en\/wp-json\/wp\/v2\/pages\/17098","targetHints":{"allow":["GET"]}}],"collection":[{"href":"https:\/\/kalaszigabor.hu\/en\/wp-json\/wp\/v2\/pages"}],"about":[{"href":"https:\/\/kalaszigabor.hu\/en\/wp-json\/wp\/v2\/types\/page"}],"author":[{"embeddable":true,"href":"https:\/\/kalaszigabor.hu\/en\/wp-json\/wp\/v2\/users\/1"}],"replies":[{"embeddable":true,"href":"https:\/\/kalaszigabor.hu\/en\/wp-json\/wp\/v2\/comments?post=17098"}],"version-history":[{"count":0,"href":"https:\/\/kalaszigabor.hu\/en\/wp-json\/wp\/v2\/pages\/17098\/revisions"}],"wp:attachment":[{"href":"https:\/\/kalaszigabor.hu\/en\/wp-json\/wp\/v2\/media?parent=17098"}],"curies":[{"name":"wp","href":"https:\/\/api.w.org\/{rel}","templated":true}]}}