{"id":17083,"date":"2025-02-17T21:07:25","date_gmt":"2025-02-17T20:07:25","guid":{"rendered":"https:\/\/kalaszigabor.hu\/?page_id=17083"},"modified":"2025-05-08T19:55:11","modified_gmt":"2025-05-08T18:55:11","slug":"problema-issue-allitas","status":"publish","type":"page","link":"https:\/\/kalaszigabor.hu\/en\/problema-issue-allitas\/","title":{"rendered":"Setting a problem or issue"},"content":{"rendered":"<div data-elementor-type=\"wp-page\" data-elementor-id=\"17083\" class=\"elementor elementor-17083\" data-elementor-post-type=\"page\">\n\t\t\t\t<div class=\"elementor-element elementor-element-32888f1 e-flex e-con-boxed e-con e-parent\" data-id=\"32888f1\" data-element_type=\"container\" data-e-type=\"container\">\n\t\t\t\t\t<div class=\"e-con-inner\">\n\t\t\t\t<div class=\"elementor-element elementor-element-131ecf6 elementor-widget elementor-widget-heading\" data-id=\"131ecf6\" data-element_type=\"widget\" data-e-type=\"widget\" data-widget_type=\"heading.default\">\n\t\t\t\t<div class=\"elementor-widget-container\">\n\t\t\t\t\t<h2 class=\"elementor-heading-title elementor-size-default\">Setting a problem or issue<\/h2>\t\t\t\t<\/div>\n\t\t\t\t<\/div>\n\t\t\t\t<div class=\"elementor-element elementor-element-1fdc247 elementor-widget elementor-widget-text-editor\" data-id=\"1fdc247\" data-element_type=\"widget\" data-e-type=\"widget\" data-widget_type=\"text-editor.default\">\n\t\t\t\t<div class=\"elementor-widget-container\">\n\t\t\t\t\t\t\t\t\t<p><span style=\"font-weight: 400;\">For issues or problems of high business importance, where there is or is likely to be high organisational resistance to the change required by the business development. This product helps to identify the operational patterns and archetypes involved in or at risk of resistance to change. Once we have identified the actors involved, we can stage them, either directly or impersonated by a support colleague. In this way, hidden emotions and fears can surface and opposing or conflicting roles can be revealed. With this knowledge in hand, it is possible to evolve and change roles, to dispel projected ideas or misconceptions and to reduce resistance by transferring the role that is causing the obstacle or by taking on a new one.<\/span><\/p><p><!-- \/wp:paragraph --><\/p>\t\t\t\t\t\t\t\t<\/div>\n\t\t\t\t<\/div>\n\t\t\t\t\t<\/div>\n\t\t\t\t<\/div>\n\t\t<div class=\"elementor-element elementor-element-9329734 e-flex e-con-boxed e-con e-parent\" data-id=\"9329734\" data-element_type=\"container\" data-e-type=\"container\">\n\t\t\t\t\t<div class=\"e-con-inner\">\n\t\t\t\t<div class=\"elementor-element elementor-element-a99245e elementor-widget elementor-widget-button\" data-id=\"a99245e\" data-element_type=\"widget\" data-e-type=\"widget\" data-widget_type=\"button.default\">\n\t\t\t\t<div class=\"elementor-widget-container\">\n\t\t\t\t\t\t\t\t\t<div class=\"elementor-button-wrapper\">\n\t\t\t\t\t<a class=\"elementor-button elementor-button-link elementor-size-sm\" href=\"https:\/\/calendar.app.google\/XQcCNTSMzzEeQd5r5\" target=\"_blank\" rel=\"noopener\">\n\t\t\t\t\t\t<span class=\"elementor-button-content-wrapper\">\n\t\t\t\t\t\t\t\t\t<span class=\"elementor-button-text\">BOOK AN APPOINTMENT<\/span>\n\t\t\t\t\t<\/span>\n\t\t\t\t\t<\/a>\n\t\t\t\t<\/div>\n\t\t\t\t\t\t\t\t<\/div>\n\t\t\t\t<\/div>\n\t\t\t\t<div class=\"elementor-element elementor-element-3762f40 elementor-widget elementor-widget-spacer\" data-id=\"3762f40\" data-element_type=\"widget\" data-e-type=\"widget\" data-widget_type=\"spacer.default\">\n\t\t\t\t<div class=\"elementor-widget-container\">\n\t\t\t\t\t\t\t<div class=\"elementor-spacer\">\n\t\t\t<div class=\"elementor-spacer-inner\"><\/div>\n\t\t<\/div>\n\t\t\t\t\t\t<\/div>\n\t\t\t\t<\/div>\n\t\t\t\t\t<\/div>\n\t\t\t\t<\/div>\n\t\t\t\t<\/div>","protected":false},"excerpt":{"rendered":"<p>Kiemelt \u00fczleti jelent\u0151s\u00e9g\u0171 issue vagy probl\u00e9ma eset\u00e9n, ahol az \u00fczletfejleszt\u00e9s \u00e1ltal megk\u00edv\u00e1nt v\u00e1ltoz\u00e1ssal szemben nagy szervezeti ellen\u00e1ll\u00e1s v\u00e1rhat\u00f3, vagy van jelen. Ez a term\u00e9k seg\u00edt felt\u00e1rni az ellen\u00e1ll\u00e1sban \u00e9rintett, vagy a v\u00e1ltoz\u00e1s \u00e1ltal vesz\u00e9lyeztetett m\u0171k\u00f6d\u00e9si mint\u00e1kat \u00e9s archet\u00edpusokat. Ha megtal\u00e1ltuk a t\u00e9m\u00e1ban \u00e9rintett szerepl\u0151ket, sz\u00ednpadra tudjuk \u0151ket \u00e1ll\u00edtani, ak\u00e1r k\u00f6zvetlen\u00fcl, ak\u00e1r egy seg\u00edt\u0151 koll\u00e9ga \u00e1ltal [&hellip;]<\/p>\n","protected":false},"author":1,"featured_media":0,"parent":0,"menu_order":0,"comment_status":"closed","ping_status":"closed","template":"elementor_header_footer","meta":{"footnotes":""},"class_list":["post-17083","page","type-page","status-publish","hentry"],"_links":{"self":[{"href":"https:\/\/kalaszigabor.hu\/en\/wp-json\/wp\/v2\/pages\/17083","targetHints":{"allow":["GET"]}}],"collection":[{"href":"https:\/\/kalaszigabor.hu\/en\/wp-json\/wp\/v2\/pages"}],"about":[{"href":"https:\/\/kalaszigabor.hu\/en\/wp-json\/wp\/v2\/types\/page"}],"author":[{"embeddable":true,"href":"https:\/\/kalaszigabor.hu\/en\/wp-json\/wp\/v2\/users\/1"}],"replies":[{"embeddable":true,"href":"https:\/\/kalaszigabor.hu\/en\/wp-json\/wp\/v2\/comments?post=17083"}],"version-history":[{"count":0,"href":"https:\/\/kalaszigabor.hu\/en\/wp-json\/wp\/v2\/pages\/17083\/revisions"}],"wp:attachment":[{"href":"https:\/\/kalaszigabor.hu\/en\/wp-json\/wp\/v2\/media?parent=17083"}],"curies":[{"name":"wp","href":"https:\/\/api.w.org\/{rel}","templated":true}]}}