{"id":17070,"date":"2025-02-17T21:05:42","date_gmt":"2025-02-17T20:05:42","guid":{"rendered":"https:\/\/kalaszigabor.hu\/?page_id=17070"},"modified":"2025-05-08T19:54:59","modified_gmt":"2025-05-08T18:54:59","slug":"szervezeti-egyseg-allitas-pl-csapatdinamika-feltarasa","status":"publish","type":"page","link":"https:\/\/kalaszigabor.hu\/en\/szervezeti-egyseg-allitas-pl-csapatdinamika-feltarasa\/","title":{"rendered":"Organisational unit setting, e.g. exploring team dynamics"},"content":{"rendered":"<div data-elementor-type=\"wp-page\" data-elementor-id=\"17070\" class=\"elementor elementor-17070\" data-elementor-post-type=\"page\">\n\t\t\t\t<div class=\"elementor-element elementor-element-effc2b1 e-flex e-con-boxed e-con e-parent\" data-id=\"effc2b1\" data-element_type=\"container\" data-e-type=\"container\">\n\t\t\t\t\t<div class=\"e-con-inner\">\n\t\t\t\t<div class=\"elementor-element elementor-element-beda853 elementor-widget elementor-widget-heading\" data-id=\"beda853\" data-element_type=\"widget\" data-e-type=\"widget\" data-widget_type=\"heading.default\">\n\t\t\t\t<div class=\"elementor-widget-container\">\n\t\t\t\t\t<h2 class=\"elementor-heading-title elementor-size-default\">Organisational unit setting, e.g. exploring team dynamics<\/h2>\t\t\t\t<\/div>\n\t\t\t\t<\/div>\n\t\t\t\t<div class=\"elementor-element elementor-element-c9864d3 elementor-widget elementor-widget-text-editor\" data-id=\"c9864d3\" data-element_type=\"widget\" data-e-type=\"widget\" data-widget_type=\"text-editor.default\">\n\t\t\t\t<div class=\"elementor-widget-container\">\n\t\t\t\t\t\t\t\t\t<p><span style=\"font-weight: 400;\">It is often the case that individual departments work effectively within themselves, but cross-departmental cooperation is ad hoc or rudimentary. This may be due to the lack of a facilitating role to facilitate collaboration and communication. A common situation is a lack of collaboration between marketing and sales or business development and IT often grind at two mills. In this statement, the identity of a department is sought and established and its relationship with the identity of the other department is examined. In the process of assertion, archetypes are taken away or added until an energy field is created in which cooperation becomes natural.<\/span><\/p><p><!-- \/wp:paragraph --><\/p>\t\t\t\t\t\t\t\t<\/div>\n\t\t\t\t<\/div>\n\t\t\t\t\t<\/div>\n\t\t\t\t<\/div>\n\t\t<div class=\"elementor-element elementor-element-cc33c55 e-flex e-con-boxed e-con e-parent\" data-id=\"cc33c55\" data-element_type=\"container\" data-e-type=\"container\">\n\t\t\t\t\t<div class=\"e-con-inner\">\n\t\t\t\t<div class=\"elementor-element elementor-element-6592d9c elementor-widget elementor-widget-button\" data-id=\"6592d9c\" data-element_type=\"widget\" data-e-type=\"widget\" data-widget_type=\"button.default\">\n\t\t\t\t<div class=\"elementor-widget-container\">\n\t\t\t\t\t\t\t\t\t<div class=\"elementor-button-wrapper\">\n\t\t\t\t\t<a class=\"elementor-button elementor-button-link elementor-size-sm\" href=\"https:\/\/calendar.app.google\/XQcCNTSMzzEeQd5r5\" target=\"_blank\" rel=\"noopener\">\n\t\t\t\t\t\t<span class=\"elementor-button-content-wrapper\">\n\t\t\t\t\t\t\t\t\t<span class=\"elementor-button-text\">BOOK AN APPOINTMENT<\/span>\n\t\t\t\t\t<\/span>\n\t\t\t\t\t<\/a>\n\t\t\t\t<\/div>\n\t\t\t\t\t\t\t\t<\/div>\n\t\t\t\t<\/div>\n\t\t\t\t<div class=\"elementor-element elementor-element-22a0ac6 elementor-widget elementor-widget-spacer\" data-id=\"22a0ac6\" data-element_type=\"widget\" data-e-type=\"widget\" data-widget_type=\"spacer.default\">\n\t\t\t\t<div class=\"elementor-widget-container\">\n\t\t\t\t\t\t\t<div class=\"elementor-spacer\">\n\t\t\t<div class=\"elementor-spacer-inner\"><\/div>\n\t\t<\/div>\n\t\t\t\t\t\t<\/div>\n\t\t\t\t<\/div>\n\t\t\t\t\t<\/div>\n\t\t\t\t<\/div>\n\t\t\t\t<\/div>","protected":false},"excerpt":{"rendered":"<p>Gyakran el\u0151fordul, hogy egyes szervezeti egys\u00e9gek \u00f6nmagukon bel\u00fcl hat\u00e9konyan m\u0171k\u00f6dnek, de a cross department egy\u00fcttm\u0171k\u00f6d\u00e9s eseti vagy kezdetleges. Ennek h\u00e1tter\u00e9ben \u00e1llhat az egy\u00fcttm\u0171k\u00f6d\u00e9st \u00e9s kommunik\u00e1ci\u00f3t seg\u00edt\u0151 moder\u00e1l\u00f3 szerepk\u00f6r hi\u00e1nya. Gyakori szitu\u00e1ci\u00f3 a marketing \u00e9s a kereskedelmi oszt\u00e1ly egy\u00fcttm\u0171k\u00f6d\u00e9s\u00e9nek hi\u00e1nya, vagy az \u00fczletfejleszt\u00e9s \u00e9s az informatika is gyakran k\u00e9t malomban \u0151r\u00f6l. Ebben az \u00e1ll\u00edt\u00e1sban az adott [&hellip;]<\/p>\n","protected":false},"author":1,"featured_media":0,"parent":0,"menu_order":0,"comment_status":"closed","ping_status":"closed","template":"elementor_header_footer","meta":{"footnotes":""},"class_list":["post-17070","page","type-page","status-publish","hentry"],"_links":{"self":[{"href":"https:\/\/kalaszigabor.hu\/en\/wp-json\/wp\/v2\/pages\/17070","targetHints":{"allow":["GET"]}}],"collection":[{"href":"https:\/\/kalaszigabor.hu\/en\/wp-json\/wp\/v2\/pages"}],"about":[{"href":"https:\/\/kalaszigabor.hu\/en\/wp-json\/wp\/v2\/types\/page"}],"author":[{"embeddable":true,"href":"https:\/\/kalaszigabor.hu\/en\/wp-json\/wp\/v2\/users\/1"}],"replies":[{"embeddable":true,"href":"https:\/\/kalaszigabor.hu\/en\/wp-json\/wp\/v2\/comments?post=17070"}],"version-history":[{"count":0,"href":"https:\/\/kalaszigabor.hu\/en\/wp-json\/wp\/v2\/pages\/17070\/revisions"}],"wp:attachment":[{"href":"https:\/\/kalaszigabor.hu\/en\/wp-json\/wp\/v2\/media?parent=17070"}],"curies":[{"name":"wp","href":"https:\/\/api.w.org\/{rel}","templated":true}]}}