{"id":10667,"date":"2021-02-04T09:51:40","date_gmt":"2021-02-04T08:51:40","guid":{"rendered":"https:\/\/kalaszigabor.hu\/?page_id=10667"},"modified":"2021-02-05T19:29:50","modified_gmt":"2021-02-05T18:29:50","slug":"egyeni-foglalkozasok","status":"publish","type":"page","link":"https:\/\/kalaszigabor.hu\/en\/egyeni-foglalkozasok\/","title":{"rendered":"Egy\u00e9ni foglalkoz\u00e1sok"},"content":{"rendered":"<p><\/p>\n\n\n\n<p><strong>Lehet\u0151s\u00e9ged van egy\u00e9ni coaching alkalmakra \u00e9s egy\u00e9nre szabott coaching programra is velem a k\u00f6vetkez\u0151 t\u00e9m\u00e1kban \u00e9s ter\u00fcleteken: <\/strong><\/p>\n\n\n\n<p>Business owners<\/p>\n\n\n\n<p>C\u00e9gvezet\u00e9s<\/p>\n\n\n\n<p>P\u00e1rkapcsolat<\/p>\n\n\n\n<p><\/p>\n\n\n\n<p><strong>A k\u00f6vetkez\u0151 technik\u00e1k sz\u00e9les v\u00e1laszt\u00e9k\u00e1t alkalmazom:<\/strong><\/p>\n\n\n\n<p>Coaching technik\u00e1k <\/p>\n\n\n\n<p>Energial\u00e9gz\u00e9s<\/p>\n\n\n\n<p><\/p>\n\n\n\n<p><strong>\u00c1raz\u00e1s:<\/strong><\/p>\n\n\n\n<p><strong>Id\u0151pont foglal\u00e1s:<\/strong><\/p>\n\n\n\n<p>Telefonon: + 36 70 779 1013<\/p>\n\n\n\n<div class=\"wp-block-buttons is-layout-flex wp-block-buttons-is-layout-flex\"><\/div>\n\n\n\n<p> <\/p>","protected":false},"excerpt":{"rendered":"<p>Lehet\u0151s\u00e9ged van egy\u00e9ni coaching alkalmakra \u00e9s egy\u00e9nre szabott coaching programra is velem a k\u00f6vetkez\u0151 t\u00e9m\u00e1kban \u00e9s ter\u00fcleteken: V\u00e1llalkoz\u00e1s C\u00e9gvezet\u00e9s P\u00e1rkapcsolat A k\u00f6vetkez\u0151 technik\u00e1k sz\u00e9les v\u00e1laszt\u00e9k\u00e1t alkalmazom: Coaching technik\u00e1k Energial\u00e9gz\u00e9s \u00c1raz\u00e1s: Id\u0151pont foglal\u00e1s: Telefonon: + 36 70 779 1013<\/p>","protected":false},"author":1,"featured_media":0,"parent":0,"menu_order":0,"comment_status":"closed","ping_status":"closed","template":"","meta":{"footnotes":""},"class_list":["post-10667","page","type-page","status-publish","hentry"],"_links":{"self":[{"href":"https:\/\/kalaszigabor.hu\/en\/wp-json\/wp\/v2\/pages\/10667","targetHints":{"allow":["GET"]}}],"collection":[{"href":"https:\/\/kalaszigabor.hu\/en\/wp-json\/wp\/v2\/pages"}],"about":[{"href":"https:\/\/kalaszigabor.hu\/en\/wp-json\/wp\/v2\/types\/page"}],"author":[{"embeddable":true,"href":"https:\/\/kalaszigabor.hu\/en\/wp-json\/wp\/v2\/users\/1"}],"replies":[{"embeddable":true,"href":"https:\/\/kalaszigabor.hu\/en\/wp-json\/wp\/v2\/comments?post=10667"}],"version-history":[{"count":0,"href":"https:\/\/kalaszigabor.hu\/en\/wp-json\/wp\/v2\/pages\/10667\/revisions"}],"wp:attachment":[{"href":"https:\/\/kalaszigabor.hu\/en\/wp-json\/wp\/v2\/media?parent=10667"}],"curies":[{"name":"wp","href":"https:\/\/api.w.org\/{rel}","templated":true}]}}